{"id":4,"date":"2018-03-13T05:41:51","date_gmt":"2018-03-13T05:41:51","guid":{"rendered":"http:\/\/jplatz.com.br\/syntax\/?page_id=4"},"modified":"2020-12-10T22:16:45","modified_gmt":"2020-12-10T22:16:45","slug":"oppps","status":"publish","type":"page","link":"https:\/\/jplatz.com.br\/syntax\/oppps\/","title":{"rendered":"Oppps!!!"},"content":{"rendered":"<p>Se voc\u00ea, assim como eu, precisa buscar a sintaxe de comandos de linguagens de programa\u00e7\u00e3o como PHP |\u00a0 Javascript | JQuery ou ainda manda bem em UI | UX e precisa de dicas de HTML | CSS ou tamb\u00e9m trabalha com m\u00faltiplos bancos de dados como INFORMIX | ORACLE | PostGre | MySQL | MariaDB | SQLite e precisa de sintaxes de\u00a0 instru\u00e7\u00f5es de SQL | DDL | DML e ainda tem que desempenhar atividades como Web Developer em metodologias \u00e1geis como SCRUM com ferramentas de gerenciamento como GIT | JIRA | BitBucket | SourceTree | Confluence | GitKraken e ainda precisa fazer o DEV|OPS configurando servidores web como Apache, escrevendo scripts SHELL Linux, configurando CRONTAB, realizando integra\u00e7\u00f5es de Web Services com CURL | SOAP | XML ou ainda implementando arquiteturas modernas como REST-API aplicando em frameworks como SYMFONY | LARAVEL | DOCTRINE | ELOQUENT | TWIG\u00a0 ent\u00e3o este BLOG aqui tamb\u00e9m \u00e9 pra voc\u00ea.<\/p>\n<p>Eu decidi iniciar este blog por raz\u00f5es diversas, mas primeiramente porque acredito que o conhecimento deve ser livremente compartilhado, em segundo lugar porque ele tamb\u00e9m funciona como meu reposit\u00f3rio de pesquisa para casos em que j\u00e1 trabalhei um dia, e por \u00faltimo mas n\u00e3o menos importante, porque o ato de ensinar escrevendo para outros ajuda em muito o processo de reten\u00e7\u00e3o do conhecimento.<\/p>\n<p>Minhas fontes de pesquisa normalmente s\u00e3o realizadas sob o idioma Ingl\u00eas pois o leque de solu\u00e7\u00f5es \u00e9 muito mais amplo, por\u00e9m as publica\u00e7\u00f5es aqui ser\u00e3o em idioma Portugu\u00eas para facilitar as buscas da comunidade no Brasil.<\/p>\n<p>Os temas e assuntos ser\u00e3o categorizados mas estes textos tendem a ser registrados no idioma ingl\u00eas, pois nativamente todas as ferramentas carregam consigo as terminologias e acr\u00f4nimos em ingl\u00eas.<\/p>\n<p>Coment\u00e1rios estar\u00e3o liberados e ser\u00e3o bem vindos, mas antes voc\u00ea precisar\u00e1 se registrar no blog. Para isso procure pelos links Registrar ou Iniciar sess\u00e3o.<\/p>\n<p>Por favor, n\u00e3o espere ter seus coment\u00e1rios respondidos, na medida do poss\u00edvel vou verificar e se poss\u00edvel adicionar um reply.<\/p>\n<p>Boa sorte a todos e&#8230;<\/p>\n<p>Happy Syntax!<\/p>\n","protected":false},"excerpt":{"rendered":"<p>Se voc\u00ea, assim como eu, precisa buscar a sintaxe de comandos de linguagens de programa\u00e7\u00e3o como PHP |\u00a0 Javascript | JQuery ou ainda manda bem em UI | UX e precisa de dicas de HTML | CSS ou tamb\u00e9m trabalha com m\u00faltiplos bancos de dados como INFORMIX | ORACLE | PostGre | MySQL | MariaDB [&hellip;]<\/p>\n","protected":false},"author":1,"featured_media":0,"parent":0,"menu_order":0,"comment_status":"closed","ping_status":"closed","template":"","meta":{"footnotes":""},"class_list":["post-4","page","type-page","status-publish","hentry"],"aioseo_notices":[],"_links":{"self":[{"href":"https:\/\/jplatz.com.br\/syntax\/wp-json\/wp\/v2\/pages\/4","targetHints":{"allow":["GET"]}}],"collection":[{"href":"https:\/\/jplatz.com.br\/syntax\/wp-json\/wp\/v2\/pages"}],"about":[{"href":"https:\/\/jplatz.com.br\/syntax\/wp-json\/wp\/v2\/types\/page"}],"author":[{"embeddable":true,"href":"https:\/\/jplatz.com.br\/syntax\/wp-json\/wp\/v2\/users\/1"}],"replies":[{"embeddable":true,"href":"https:\/\/jplatz.com.br\/syntax\/wp-json\/wp\/v2\/comments?post=4"}],"version-history":[{"count":4,"href":"https:\/\/jplatz.com.br\/syntax\/wp-json\/wp\/v2\/pages\/4\/revisions"}],"predecessor-version":[{"id":153,"href":"https:\/\/jplatz.com.br\/syntax\/wp-json\/wp\/v2\/pages\/4\/revisions\/153"}],"wp:attachment":[{"href":"https:\/\/jplatz.com.br\/syntax\/wp-json\/wp\/v2\/media?parent=4"}],"curies":[{"name":"wp","href":"https:\/\/api.w.org\/{rel}","templated":true}]}}